{"id":2659,"date":"2026-03-31T15:53:54","date_gmt":"2026-03-31T18:53:54","guid":{"rendered":"https:\/\/idas.org.br\/?page_id=2659"},"modified":"2026-04-23T18:03:26","modified_gmt":"2026-04-23T21:03:26","slug":"faleconosco","status":"publish","type":"page","link":"https:\/\/idas.org.br\/en\/faleconosco\/","title":{"rendered":"Contato &#8211; Duplicate &#8211; [#1542]"},"content":{"rendered":"\t\t<div data-elementor-type=\"wp-page\" data-elementor-id=\"2659\" class=\"elementor elementor-2659\" data-elementor-post-type=\"page\">\n\t\t\t\t<section class=\"elementor-element elementor-element-6a672d5e e-flex e-con-boxed e-con e-parent\" data-id=\"6a672d5e\" data-element_type=\"container\" data-e-type=\"container\" data-settings=\"{&quot;background_background&quot;:&quot;classic&quot;,&quot;background_motion_fx_motion_fx_mouse&quot;:&quot;yes&quot;,&quot;background_motion_fx_mouseTrack_effect&quot;:&quot;yes&quot;,&quot;background_motion_fx_motion_fx_scrolling&quot;:&quot;yes&quot;,&quot;background_motion_fx_translateY_effect&quot;:&quot;yes&quot;,&quot;background_motion_fx_translateY_affectedRange&quot;:{&quot;unit&quot;:&quot;%&quot;,&quot;size&quot;:&quot;&quot;,&quot;sizes&quot;:{&quot;start&quot;:9,&quot;end&quot;:76}},&quot;background_motion_fx_translateY_speed&quot;:{&quot;unit&quot;:&quot;px&quot;,&quot;size&quot;:4,&quot;sizes&quot;:[]},&quot;background_motion_fx_devices&quot;:[&quot;desktop&quot;,&quot;tablet&quot;,&quot;mobile&quot;],&quot;background_motion_fx_mouseTrack_speed&quot;:{&quot;unit&quot;:&quot;px&quot;,&quot;size&quot;:1,&quot;sizes&quot;:[]}}\">\n\t\t\t\t\t<div class=\"e-con-inner\">\n\t\t<header class=\"elementor-element elementor-element-7fa6af02 e-con-full e-flex e-con e-child\" data-id=\"7fa6af02\" data-element_type=\"container\" data-e-type=\"container\">\n\t\t\t\t<div class=\"elementor-element elementor-element-1c8022bf elementor-widget elementor-widget-text-editor\" data-id=\"1c8022bf\" data-element_type=\"widget\" data-e-type=\"widget\" data-widget_type=\"text-editor.default\">\n\t\t\t\t<div class=\"elementor-widget-container\">\n\t\t\t\t\t\t\t\t\t<p>Entre em contato, venha nos conhecer, tomar um caf\u00e9 e trocar ideias!<\/p>\t\t\t\t\t\t\t\t<\/div>\n\t\t\t\t<\/div>\n\t\t\t\t<\/header>\n\t\t\t\t\t<\/div>\n\t\t\t\t<\/section>\n\t\t<main class=\"elementor-element elementor-element-9dee61c e-grid e-con-boxed e-con e-parent\" data-id=\"9dee61c\" data-element_type=\"container\" data-e-type=\"container\" data-settings=\"{&quot;background_background&quot;:&quot;classic&quot;}\">\n\t\t\t\t\t<div class=\"e-con-inner\">\n\t\t<div class=\"elementor-element elementor-element-dd6df51 e-con-full e-flex e-con e-child\" data-id=\"dd6df51\" data-element_type=\"container\" data-e-type=\"container\">\n\t\t\t\t<div class=\"elementor-element elementor-element-f19b8e7 elementor-widget elementor-widget-heading\" data-id=\"f19b8e7\" data-element_type=\"widget\" data-e-type=\"widget\" data-widget_type=\"heading.default\">\n\t\t\t\t<div class=\"elementor-widget-container\">\n\t\t\t\t\t<h3 class=\"elementor-heading-title elementor-size-default\">Entre em contato com a gente atrav\u00e9s do nosso e-mail, n\u00famero do WhatsApp ou preencha o formul\u00e1rio.<\/h3>\t\t\t\t<\/div>\n\t\t\t\t<\/div>\n\t\t<div class=\"elementor-element elementor-element-b70f716 e-con-full e-grid e-con e-child\" data-id=\"b70f716\" data-element_type=\"container\" data-e-type=\"container\">\n\t\t<div class=\"elementor-element elementor-element-e1cce41 e-con-full e-flex e-con e-child\" data-id=\"e1cce41\" data-element_type=\"container\" data-e-type=\"container\">\n\t\t\t\t<div class=\"elementor-element elementor-element-64c0bf4 elementor-align-start elementor-mobile-align-start elementor-icon-list--layout-traditional elementor-list-item-link-full_width elementor-widget elementor-widget-icon-list\" data-id=\"64c0bf4\" data-element_type=\"widget\" data-e-type=\"widget\" data-widget_type=\"icon-list.default\">\n\t\t\t\t<div class=\"elementor-widget-container\">\n\t\t\t\t\t\t\t<ul class=\"elementor-icon-list-items\">\n\t\t\t\t\t\t\t<li class=\"elementor-icon-list-item\">\n\t\t\t\t\t\t\t\t\t\t\t<span class=\"elementor-icon-list-icon\">\n\t\t\t\t\t\t\t<svg xmlns=\"http:\/\/www.w3.org\/2000\/svg\" width=\"55\" height=\"56\" viewBox=\"0 0 55 56\" fill=\"none\"><path fill-rule=\"evenodd\" clip-rule=\"evenodd\" d=\"M46.9892 8.13902C41.8168 2.89349 34.9416 0.00288771 27.6161 0C12.5221 0 0.23796 12.446 0.22941 27.748C0.22656 32.6398 1.48903 37.4118 3.88572 41.6221L0 56L14.517 52.1406C18.5167 54.3526 23.0208 55.5163 27.6019 55.5192H27.6133C42.7059 55.5192 54.9929 43.0717 55 27.7683C55.0043 20.3555 52.1573 13.3817 46.9892 8.13902ZM41.0131 37.6673C40.4417 39.2874 37.7073 40.7659 36.3936 40.9637C35.2152 41.1413 33.7233 41.2163 32.0832 40.6893C31.0901 40.3688 29.8148 39.9429 28.1818 39.2282C21.3166 36.2264 16.8339 29.2208 16.4933 28.7587C16.1528 28.2967 13.7005 24.9989 13.7005 21.5857C13.7005 18.1724 15.4702 16.4961 16.0958 15.8016C16.7213 15.1056 17.4637 14.9338 17.9196 14.9338C18.3756 14.9338 18.8344 14.9367 19.232 14.9569C19.6523 14.9771 20.218 14.7938 20.7723 16.1467C21.3408 17.5356 22.7087 20.9489 22.8812 21.294C23.0536 21.642 23.1661 22.0477 22.9382 22.5097C22.7087 22.9732 22.5948 23.2634 22.2499 23.6648C21.908 24.0705 21.5318 24.5701 21.224 24.8805C20.8834 25.2256 20.5272 25.5996 20.9248 26.2941C21.3223 26.9886 22.6973 29.2598 24.7307 31.0992C27.344 33.4628 29.5497 34.192 30.2351 34.54C30.9191 34.8879 31.3195 34.8302 31.7184 34.3667C32.1188 33.9032 33.4269 32.3395 33.8843 31.6465C34.3431 30.9534 34.7991 31.0704 35.4246 31.3014C36.0544 31.5324 39.4172 33.2102 40.1012 33.5581C40.7851 33.9061 41.2411 34.0794 41.4121 34.371C41.5845 34.6569 41.5845 36.0473 41.0131 37.6673Z\" fill=\"#3366CC\"><\/path><\/svg>\t\t\t\t\t\t<\/span>\n\t\t\t\t\t\t\t\t\t\t<span class=\"elementor-icon-list-text\">+55 21 96589-1860<\/span>\n\t\t\t\t\t\t\t\t\t<\/li>\n\t\t\t\t\t\t\t\t<li class=\"elementor-icon-list-item\">\n\t\t\t\t\t\t\t\t\t\t\t<span class=\"elementor-icon-list-icon\">\n\t\t\t\t\t\t\t<i aria-hidden=\"true\" class=\"fas fa-envelope\"><\/i>\t\t\t\t\t\t<\/span>\n\t\t\t\t\t\t\t\t\t\t<span class=\"elementor-icon-list-text\">idasadm.rj@gmail.com<\/span>\n\t\t\t\t\t\t\t\t\t<\/li>\n\t\t\t\t\t\t<\/ul>\n\t\t\t\t\t\t<\/div>\n\t\t\t\t<\/div>\n\t\t\t\t<\/div>\n\t\t<div class=\"elementor-element elementor-element-d02ecb9 e-con-full e-flex e-con e-child\" data-id=\"d02ecb9\" data-element_type=\"container\" data-e-type=\"container\">\n\t\t\t\t<div class=\"elementor-element elementor-element-ebee476 elementor-widget elementor-widget-heading\" data-id=\"ebee476\" data-element_type=\"widget\" data-e-type=\"widget\" data-widget_type=\"heading.default\">\n\t\t\t\t<div class=\"elementor-widget-container\">\n\t\t\t\t\t<h3 class=\"elementor-heading-title elementor-size-default\">Siga nossas redes sociais<\/h3>\t\t\t\t<\/div>\n\t\t\t\t<\/div>\n\t\t\t\t<div class=\"elementor-element elementor-element-95ee68f elementor-shape-circle elementor-grid-mobile-2 e-grid-align-mobile-center elementor-grid-0 e-grid-align-center elementor-widget elementor-widget-social-icons\" data-id=\"95ee68f\" data-element_type=\"widget\" data-e-type=\"widget\" data-widget_type=\"social-icons.default\">\n\t\t\t\t<div class=\"elementor-widget-container\">\n\t\t\t\t\t\t\t<div class=\"elementor-social-icons-wrapper elementor-grid\" role=\"list\">\n\t\t\t\t\t\t\t<span class=\"elementor-grid-item\" role=\"listitem\">\n\t\t\t\t\t<a class=\"elementor-icon elementor-social-icon elementor-social-icon-Logo Instagram elementor-repeater-item-bae4a33\" href=\"https:\/\/www.instagram.com\/idas.rj\/\" target=\"_blank\" rel=\"noopener\">\n\t\t\t\t\t\t<span class=\"elementor-screen-only\">Logo Instagram<\/span>\n\t\t\t\t\t\t<svg xmlns=\"http:\/\/www.w3.org\/2000\/svg\" width=\"62\" height=\"62\" viewBox=\"0 0 62 62\" fill=\"none\"><path d=\"M61.813 18.2187C61.594 13.4263 60.2576 8.66577 56.7967 5.2033C53.3278 1.73443 48.5593 0.404435 43.7829 0.187031C40.4754 0.0367668 39.4188 0 31.0008 0C22.5828 0 21.5246 0.0367668 18.2187 0.187031C13.4263 0.406033 8.66737 1.73923 5.2033 5.2033C1.72484 8.68176 0.406033 13.4295 0.187031 18.2187C0.0367668 21.5262 0 22.5812 0 31.0008C0 39.4204 0.0367668 40.477 0.187031 43.7829C0.406033 48.5689 1.74402 53.3406 5.2033 56.7967C8.67856 60.272 13.4343 61.594 18.2187 61.813C21.5262 61.9632 22.5812 62 31.0008 62C39.4204 62 40.477 61.9632 43.7829 61.813C48.5721 61.594 53.3358 60.2576 56.7967 56.7967C60.2768 53.3182 61.594 48.5721 61.813 43.7829C61.9632 40.4754 62 39.4188 62 31.0008C62 22.5828 61.9632 21.5246 61.813 18.2187ZM30.9992 46.9208C22.2071 46.9208 15.0808 39.7929 15.0808 31.0024C15.0808 22.2119 22.2087 15.084 30.9992 15.084C39.7897 15.084 46.9176 22.2119 46.9176 31.0024C46.9176 39.7929 39.7897 46.9208 30.9992 46.9208ZM47.5475 18.1724C45.4917 18.1724 43.8276 16.5067 43.8276 14.4525C43.8276 12.3984 45.4933 10.7327 47.5475 10.7327C49.6016 10.7327 51.2673 12.3984 51.2673 14.4525C51.2673 16.5067 49.6016 18.1724 47.5475 18.1724Z\" fill=\"#3366CC\"><\/path><\/svg>\t\t\t\t\t<\/a>\n\t\t\t\t<\/span>\n\t\t\t\t\t\t\t<span class=\"elementor-grid-item\" role=\"listitem\">\n\t\t\t\t\t<a class=\"elementor-icon elementor-social-icon elementor-social-icon-Logo Facebook elementor-repeater-item-37eb343\" href=\"https:\/\/www.facebook.com\/IDS.RJ\/?ref=page_internal\" target=\"_blank\" rel=\"noopener\">\n\t\t\t\t\t\t<span class=\"elementor-screen-only\">Logo Facebook<\/span>\n\t\t\t\t\t\t<svg xmlns=\"http:\/\/www.w3.org\/2000\/svg\" width=\"61\" height=\"61\" viewBox=\"0 0 61 61\" fill=\"none\"><path d=\"M61 30.6859C61 45.9996 49.8317 58.6961 35.2521 61V39.6149H42.3406L43.6901 30.7666H35.2521V25.026C35.2521 22.605 36.4317 20.2474 40.2079 20.2474H44.0439V12.7139C44.0439 12.7139 40.5618 12.1158 37.2354 12.1158C30.2869 12.1158 25.7463 16.3533 25.7463 24.0212V30.765H18.0224V39.6134H25.7463V60.9984C11.1714 58.6898 0 45.9964 0 30.6859C0 13.7393 13.6564 0 30.5008 0C47.3452 0 61.0016 13.7361 61.0016 30.6859H61Z\" fill=\"#3366CC\"><\/path><\/svg>\t\t\t\t\t<\/a>\n\t\t\t\t<\/span>\n\t\t\t\t\t\t\t<span class=\"elementor-grid-item\" role=\"listitem\">\n\t\t\t\t\t<a class=\"elementor-icon elementor-social-icon elementor-social-icon-Logo LinkedIn elementor-repeater-item-425cf32\" href=\"https:\/\/www.linkedin.com\/company\/86326814\/admin\/\" target=\"_blank\" rel=\"noopener\">\n\t\t\t\t\t\t<span class=\"elementor-screen-only\">Logo LinkedIn<\/span>\n\t\t\t\t\t\t<svg xmlns=\"http:\/\/www.w3.org\/2000\/svg\" width=\"62\" height=\"62\" viewBox=\"0 0 62 62\" fill=\"none\"><path d=\"M52.8283 52.8297H43.6406V38.4423C43.6406 35.0118 43.5795 30.5956 38.8626 30.5956C34.1457 30.5956 33.3448 34.3315 33.3448 38.1946V52.8297H24.1603V23.2426H32.9813V27.2841H33.1035C34.9031 24.2108 38.245 22.3741 41.8056 22.506C51.1188 22.506 52.8316 28.6319 52.8316 36.5976L52.8283 52.8313V52.8297ZM13.7937 19.1978C10.849 19.1978 8.46244 16.8112 8.46244 13.8664C8.46244 10.9217 10.849 8.53507 13.7937 8.53507C16.7383 8.53507 19.1249 10.9217 19.1249 13.8664C19.1249 16.8112 16.7383 19.1978 13.7937 19.1978ZM18.3851 52.8313H9.18935V23.2442H18.3851V52.8313ZM57.4085 0.00325034H4.57377C2.07782 -0.0240901 0.0305561 1.97658 0 4.47421V57.5275C0.0305561 60.0267 2.07782 62.0274 4.57377 62H57.4085C59.9109 62.0306 61.9662 60.0299 62 57.5275V4.47099C61.963 1.96854 59.9077 -0.0321314 57.4085 0.00164208\" fill=\"#3366CC\"><\/path><\/svg>\t\t\t\t\t<\/a>\n\t\t\t\t<\/span>\n\t\t\t\t\t\t\t<span class=\"elementor-grid-item\" role=\"listitem\">\n\t\t\t\t\t<a class=\"elementor-icon elementor-social-icon elementor-social-icon-Logo YouTube elementor-repeater-item-6c5d1ce\" href=\"https:\/\/www.youtube.com\/channel\/UCfsoxA_xW_cmS6HHR52m0kA\" target=\"_blank\" rel=\"noopener\">\n\t\t\t\t\t\t<span class=\"elementor-screen-only\">Logo YouTube<\/span>\n\t\t\t\t\t\t<svg xmlns=\"http:\/\/www.w3.org\/2000\/svg\" width=\"89\" height=\"62\" viewBox=\"0 0 89 62\" fill=\"none\"><path d=\"M87.1366 9.68144C86.1128 5.87208 83.0981 2.86902 79.268 1.84866C72.3302 0 44.5 0 44.5 0C44.5 0 16.6698 0 9.72793 1.84866C5.89988 2.86702 2.8852 5.86808 1.86142 9.68144C0 16.5899 0 31.001 0 31.001C0 31.001 0 45.4121 1.86142 52.3206C2.8852 56.1299 5.89988 59.133 9.72995 60.1534C16.6678 62.002 44.498 62.002 44.498 62.002C44.498 62.002 72.3282 62.002 79.2701 60.1534C83.0961 59.133 86.1128 56.1339 87.1386 52.3206C88.9959 45.4121 88.9959 31.001 88.9959 31.001C88.9959 31.001 88.996 16.5899 87.1345 9.68144H87.1366ZM35.3993 44.0876V17.9124L58.6569 30.999L35.3993 44.0856V44.0876Z\" fill=\"#3366CC\"><\/path><\/svg>\t\t\t\t\t<\/a>\n\t\t\t\t<\/span>\n\t\t\t\t\t<\/div>\n\t\t\t\t\t\t<\/div>\n\t\t\t\t<\/div>\n\t\t\t\t<\/div>\n\t\t\t\t<\/div>\n\t\t\t\t<\/div>\n\t\t<div class=\"elementor-element elementor-element-707f223 e-con-full e-flex e-con e-child\" data-id=\"707f223\" data-element_type=\"container\" data-e-type=\"container\">\n\t\t\t\t<div class=\"elementor-element elementor-element-de6ba73 elementor-button-align-stretch elementor-widget elementor-widget-form\" data-id=\"de6ba73\" data-element_type=\"widget\" data-e-type=\"widget\" data-settings=\"{&quot;step_next_label&quot;:&quot;Pr\\u00f3ximo&quot;,&quot;step_previous_label&quot;:&quot;Anterior&quot;,&quot;button_width&quot;:&quot;100&quot;,&quot;step_type&quot;:&quot;number_text&quot;,&quot;step_icon_shape&quot;:&quot;circle&quot;}\" data-widget_type=\"form.default\">\n\t\t\t\t<div class=\"elementor-widget-container\">\n\t\t\t\t\t\t\t<form class=\"elementor-form\" method=\"post\" name=\"Formul\u00e1rio de contato\" aria-label=\"Formul\u00e1rio de contato\">\n\t\t\t<input type=\"hidden\" name=\"post_id\" value=\"2659\"\/>\n\t\t\t<input type=\"hidden\" name=\"form_id\" value=\"de6ba73\"\/>\n\t\t\t<input type=\"hidden\" name=\"referer_title\" value=\"Entre em contato | IDAS\" \/>\n\n\t\t\t\t\t\t\t<input type=\"hidden\" name=\"queried_id\" value=\"2659\"\/>\n\t\t\t\n\t\t\t<div class=\"elementor-form-fields-wrapper elementor-labels-above\">\n\t\t\t\t\t\t\t\t<div class=\"elementor-field-type-text elementor-field-group elementor-column elementor-field-group-name elementor-col-100 elementor-field-required elementor-mark-required\">\n\t\t\t\t\t\t\t\t\t\t\t\t<label for=\"form-field-name\" class=\"elementor-field-label\">\n\t\t\t\t\t\t\t\tNome\t\t\t\t\t\t\t<\/label>\n\t\t\t\t\t\t\t\t\t\t\t\t\t\t<input size=\"1\" type=\"text\" name=\"form_fields[name]\" id=\"form-field-name\" class=\"elementor-field elementor-size-xs  elementor-field-textual\" placeholder=\"Digite seu nome\" required=\"required\">\n\t\t\t\t\t\t\t\t\t\t\t<\/div>\n\t\t\t\t\t\t\t\t<div class=\"elementor-field-type-email elementor-field-group elementor-column elementor-field-group-email elementor-col-100 elementor-field-required elementor-mark-required\">\n\t\t\t\t\t\t\t\t\t\t\t\t<label for=\"form-field-email\" class=\"elementor-field-label\">\n\t\t\t\t\t\t\t\tE-mail\t\t\t\t\t\t\t<\/label>\n\t\t\t\t\t\t\t\t\t\t\t\t\t\t<input size=\"1\" type=\"email\" name=\"form_fields[email]\" id=\"form-field-email\" class=\"elementor-field elementor-size-xs  elementor-field-textual\" placeholder=\"Digite seu e-mail\" required=\"required\">\n\t\t\t\t\t\t\t\t\t\t\t<\/div>\n\t\t\t\t\t\t\t\t<div class=\"elementor-field-type-email elementor-field-group elementor-column elementor-field-group-field_651a2d6 elementor-col-100 elementor-field-required elementor-mark-required\">\n\t\t\t\t\t\t\t\t\t\t\t\t<label for=\"form-field-field_651a2d6\" class=\"elementor-field-label\">\n\t\t\t\t\t\t\t\tCelular\t\t\t\t\t\t\t<\/label>\n\t\t\t\t\t\t\t\t\t\t\t\t\t\t<input size=\"1\" type=\"email\" name=\"form_fields[field_651a2d6]\" id=\"form-field-field_651a2d6\" class=\"elementor-field elementor-size-xs  elementor-field-textual\" placeholder=\"Digite seu n\u00famero de celular\" required=\"required\">\n\t\t\t\t\t\t\t\t\t\t\t<\/div>\n\t\t\t\t\t\t\t\t<div class=\"elementor-field-type-textarea elementor-field-group elementor-column elementor-field-group-message elementor-col-100 elementor-field-required elementor-mark-required\">\n\t\t\t\t\t\t\t\t\t\t\t\t<label for=\"form-field-message\" class=\"elementor-field-label\">\n\t\t\t\t\t\t\t\tMensagem\t\t\t\t\t\t\t<\/label>\n\t\t\t\t\t\t<textarea class=\"elementor-field-textual elementor-field  elementor-size-xs\" name=\"form_fields[message]\" id=\"form-field-message\" rows=\"4\" placeholder=\"Digite aqui o motivo do seu contato\" required=\"required\"><\/textarea>\t\t\t\t<\/div>\n\t\t\t\t\t\t\t\t<div class=\"elementor-field-group elementor-column elementor-field-type-submit elementor-col-100 e-form__buttons\">\n\t\t\t\t\t<button class=\"elementor-button elementor-size-sm elementor-animation-bob\" type=\"submit\">\n\t\t\t\t\t\t<span class=\"elementor-button-content-wrapper\">\n\t\t\t\t\t\t\t\t\t\t\t\t\t\t\t\t\t\t\t\t\t\t<span class=\"elementor-button-text\">ENVIAR<\/span>\n\t\t\t\t\t\t\t\t\t\t\t\t\t<\/span>\n\t\t\t\t\t<\/button>\n\t\t\t\t<\/div>\n\t\t\t<\/div>\n\t\t<\/form>\n\t\t\t\t\t\t<\/div>\n\t\t\t\t<\/div>\n\t\t\t\t<\/div>\n\t\t\t\t\t<\/div>\n\t\t\t\t<\/main>\n\t\t<div class=\"elementor-element elementor-element-c23bf40 e-flex e-con-boxed e-con e-parent\" data-id=\"c23bf40\" data-element_type=\"container\" data-e-type=\"container\">\n\t\t\t\t\t<div class=\"e-con-inner\">\n\t\t\t\t<div class=\"elementor-element elementor-element-9973fd6 elementor-widget elementor-widget-spacer\" data-id=\"9973fd6\" data-element_type=\"widget\" data-e-type=\"widget\" data-widget_type=\"spacer.default\">\n\t\t\t\t<div class=\"elementor-widget-container\">\n\t\t\t\t\t\t\t<div class=\"elementor-spacer\">\n\t\t\t<div class=\"elementor-spacer-inner\"><\/div>\n\t\t<\/div>\n\t\t\t\t\t\t<\/div>\n\t\t\t\t<\/div>\n\t\t\t\t<div class=\"elementor-element elementor-element-949be4c elementor-widget elementor-widget-google_maps\" data-id=\"949be4c\" data-element_type=\"widget\" data-e-type=\"widget\" data-widget_type=\"google_maps.default\">\n\t\t\t\t<div class=\"elementor-widget-container\">\n\t\t\t\t\t\t\t<div class=\"elementor-custom-embed\">\n\t\t\t<iframe loading=\"lazy\"\n\t\t\t\t\tsrc=\"https:\/\/maps.google.com\/maps?q=Rua%20teixeira%20da%20Costa%2C28-%20Vaz%20Lobo%2C%20Rio%20de%20Jnaeiro-%20RJ%2FBrasil&#038;t=m&#038;z=10&#038;output=embed&#038;iwloc=near\"\n\t\t\t\t\ttitle=\"Rua teixeira da Costa,28- Vaz Lobo, Rio de Jnaeiro- RJ\/Brasil\"\n\t\t\t\t\taria-label=\"Rua teixeira da Costa,28- Vaz Lobo, Rio de Jnaeiro- RJ\/Brasil\"\n\t\t\t><\/iframe>\n\t\t<\/div>\n\t\t\t\t\t\t<\/div>\n\t\t\t\t<\/div>\n\t\t\t\t\t<\/div>\n\t\t\t\t<\/div>\n\t\t<div class=\"elementor-element elementor-element-e5f187f e-flex e-con-boxed e-con e-parent\" data-id=\"e5f187f\" data-element_type=\"container\" data-e-type=\"container\">\n\t\t\t\t\t<div class=\"e-con-inner\">\n\t\t\t\t<div class=\"elementor-element elementor-element-d6cc78b elementor-widget elementor-widget-spacer\" data-id=\"d6cc78b\" data-element_type=\"widget\" data-e-type=\"widget\" data-widget_type=\"spacer.default\">\n\t\t\t\t<div class=\"elementor-widget-container\">\n\t\t\t\t\t\t\t<div class=\"elementor-spacer\">\n\t\t\t<div class=\"elementor-spacer-inner\"><\/div>\n\t\t<\/div>\n\t\t\t\t\t\t<\/div>\n\t\t\t\t<\/div>\n\t\t\t\t\t<\/div>\n\t\t\t\t<\/div>\n\t\t\t\t<\/div>\n\t\t","protected":false},"excerpt":{"rendered":"<p>Entre em contato, venha nos conhecer, tomar um caf\u00e9 e trocar ideias! Entre em contato com a gente atrav\u00e9s do nosso e-mail, n\u00famero do WhatsApp ou preencha o formul\u00e1rio. +55 21 96589-1860 idasadm.rj@gmail.com Siga nossas redes sociais Logo Instagram Logo Facebook Logo LinkedIn Logo YouTube<\/p>","protected":false},"author":2,"featured_media":2005,"parent":0,"menu_order":0,"comment_status":"closed","ping_status":"closed","template":"","meta":{"_joinchat":[],"footnotes":""},"class_list":["post-2659","page","type-page","status-publish","has-post-thumbnail","hentry"],"_links":{"self":[{"href":"https:\/\/idas.org.br\/en\/wp-json\/wp\/v2\/pages\/2659","targetHints":{"allow":["GET"]}}],"collection":[{"href":"https:\/\/idas.org.br\/en\/wp-json\/wp\/v2\/pages"}],"about":[{"href":"https:\/\/idas.org.br\/en\/wp-json\/wp\/v2\/types\/page"}],"author":[{"embeddable":true,"href":"https:\/\/idas.org.br\/en\/wp-json\/wp\/v2\/users\/2"}],"replies":[{"embeddable":true,"href":"https:\/\/idas.org.br\/en\/wp-json\/wp\/v2\/comments?post=2659"}],"version-history":[{"count":7,"href":"https:\/\/idas.org.br\/en\/wp-json\/wp\/v2\/pages\/2659\/revisions"}],"predecessor-version":[{"id":2720,"href":"https:\/\/idas.org.br\/en\/wp-json\/wp\/v2\/pages\/2659\/revisions\/2720"}],"wp:featuredmedia":[{"embeddable":true,"href":"https:\/\/idas.org.br\/en\/wp-json\/wp\/v2\/media\/2005"}],"wp:attachment":[{"href":"https:\/\/idas.org.br\/en\/wp-json\/wp\/v2\/media?parent=2659"}],"curies":[{"name":"wp","href":"https:\/\/api.w.org\/{rel}","templated":true}]}}