{"id":1641,"date":"2025-06-27T11:35:55","date_gmt":"2025-06-27T14:35:55","guid":{"rendered":"https:\/\/idas.org.br\/?page_id=1641"},"modified":"2026-04-23T16:19:06","modified_gmt":"2026-04-23T19:19:06","slug":"artigos-idas","status":"publish","type":"page","link":"https:\/\/idas.org.br\/en\/artigos-idas\/","title":{"rendered":"Articles"},"content":{"rendered":"\t\t<div data-elementor-type=\"wp-page\" data-elementor-id=\"1641\" class=\"elementor elementor-1641\" data-elementor-post-type=\"page\">\n\t\t\t\t<section class=\"elementor-element elementor-element-7f324d41 e-flex e-con-boxed e-con e-parent\" data-id=\"7f324d41\" data-element_type=\"container\" data-e-type=\"container\" data-settings=\"{&quot;background_background&quot;:&quot;classic&quot;,&quot;background_motion_fx_motion_fx_mouse&quot;:&quot;yes&quot;,&quot;background_motion_fx_mouseTrack_effect&quot;:&quot;yes&quot;,&quot;background_motion_fx_motion_fx_scrolling&quot;:&quot;yes&quot;,&quot;background_motion_fx_translateY_effect&quot;:&quot;yes&quot;,&quot;background_motion_fx_translateY_affectedRange&quot;:{&quot;unit&quot;:&quot;%&quot;,&quot;size&quot;:&quot;&quot;,&quot;sizes&quot;:{&quot;start&quot;:9,&quot;end&quot;:76}},&quot;background_motion_fx_translateY_speed&quot;:{&quot;unit&quot;:&quot;px&quot;,&quot;size&quot;:4,&quot;sizes&quot;:[]},&quot;background_motion_fx_devices&quot;:[&quot;desktop&quot;,&quot;tablet&quot;,&quot;mobile&quot;],&quot;background_motion_fx_mouseTrack_speed&quot;:{&quot;unit&quot;:&quot;px&quot;,&quot;size&quot;:1,&quot;sizes&quot;:[]}}\">\n\t\t\t\t\t<div class=\"e-con-inner\">\n\t\t<header class=\"elementor-element elementor-element-37873abc e-con-full e-flex e-con e-child\" data-id=\"37873abc\" data-element_type=\"container\" data-e-type=\"container\">\n\t\t\t\t<div class=\"elementor-element elementor-element-3bc78eff titulo-banner-roxo elementor-widget elementor-widget-heading\" data-id=\"3bc78eff\" data-element_type=\"widget\" data-e-type=\"widget\" data-widget_type=\"heading.default\">\n\t\t\t\t<div class=\"elementor-widget-container\">\n\t\t\t\t\t<h1 class=\"elementor-heading-title elementor-size-default\">ARTIGOS<\/h1>\t\t\t\t<\/div>\n\t\t\t\t<\/div>\n\t\t\t\t<\/header>\n\t\t\t\t\t<\/div>\n\t\t\t\t<\/section>\n\t\t<div class=\"elementor-element elementor-element-29e985b e-flex e-con-boxed e-con e-parent\" data-id=\"29e985b\" data-element_type=\"container\" data-e-type=\"container\">\n\t\t\t\t\t<div class=\"e-con-inner\">\n\t\t\t\t<div class=\"elementor-element elementor-element-920ed53 elementor-widget elementor-widget-heading\" data-id=\"920ed53\" data-element_type=\"widget\" data-e-type=\"widget\" data-widget_type=\"heading.default\">\n\t\t\t\t<div class=\"elementor-widget-container\">\n\t\t\t\t\t<h2 class=\"elementor-heading-title elementor-size-default\">Artigos para informar, acolher e transformar!<\/h2>\t\t\t\t<\/div>\n\t\t\t\t<\/div>\n\t\t\t\t<div class=\"elementor-element elementor-element-488f832 elementor-widget elementor-widget-text-editor\" data-id=\"488f832\" data-element_type=\"widget\" data-e-type=\"widget\" data-widget_type=\"text-editor.default\">\n\t\t\t\t<div class=\"elementor-widget-container\">\n\t\t\t\t\t\t\t\t\t<p dir=\"ltr\">Acreditamos na for\u00e7a da informa\u00e7\u00e3o para promover transforma\u00e7\u00e3o social. Nesta p\u00e1gina, voc\u00ea encontra conte\u00fados sobre sa\u00fade mental, maternidade, rela\u00e7\u00f5es, trabalho e direitos, com foco em conscientiza\u00e7\u00e3o e cuidado.<\/p><p dir=\"ltr\">Explore, reflita e compartilhe. Que cada leitura possa inspirar mudan\u00e7as e ampliar olhares.<\/p>\t\t\t\t\t\t\t\t<\/div>\n\t\t\t\t<\/div>\n\t\t\t\t<div class=\"elementor-element elementor-element-e97a658 elementor-widget-divider--view-line elementor-widget elementor-widget-divider\" data-id=\"e97a658\" data-element_type=\"widget\" data-e-type=\"widget\" data-widget_type=\"divider.default\">\n\t\t\t\t<div class=\"elementor-widget-container\">\n\t\t\t\t\t\t\t<div class=\"elementor-divider\">\n\t\t\t<span class=\"elementor-divider-separator\">\n\t\t\t\t\t\t<\/span>\n\t\t<\/div>\n\t\t\t\t\t\t<\/div>\n\t\t\t\t<\/div>\n\t\t\t\t\t<\/div>\n\t\t\t\t<\/div>\n\t\t<div class=\"elementor-element elementor-element-ed0e00f e-flex e-con-boxed e-con e-parent\" data-id=\"ed0e00f\" data-element_type=\"container\" data-e-type=\"container\">\n\t\t\t\t\t<div class=\"e-con-inner\">\n\t\t\t\t<div class=\"elementor-element elementor-element-934a9d7 elementor-grid-1 elementor-posts--thumbnail-right elementor-grid-tablet-2 elementor-grid-mobile-1 load-more-align-center elementor-widget elementor-widget-posts\" data-id=\"934a9d7\" data-element_type=\"widget\" data-e-type=\"widget\" data-settings=\"{&quot;classic_columns&quot;:&quot;1&quot;,&quot;classic_row_gap&quot;:{&quot;unit&quot;:&quot;px&quot;,&quot;size&quot;:32,&quot;sizes&quot;:[]},&quot;pagination_type&quot;:&quot;load_more_on_click&quot;,&quot;classic_columns_tablet&quot;:&quot;2&quot;,&quot;classic_columns_mobile&quot;:&quot;1&quot;,&quot;classic_row_gap_tablet&quot;:{&quot;unit&quot;:&quot;px&quot;,&quot;size&quot;:&quot;&quot;,&quot;sizes&quot;:[]},&quot;classic_row_gap_mobile&quot;:{&quot;unit&quot;:&quot;px&quot;,&quot;size&quot;:&quot;&quot;,&quot;sizes&quot;:[]},&quot;load_more_spinner&quot;:{&quot;value&quot;:&quot;fas fa-spinner&quot;,&quot;library&quot;:&quot;fa-solid&quot;}}\" data-widget_type=\"posts.classic\">\n\t\t\t\t<div class=\"elementor-widget-container\">\n\t\t\t\t\t\t\t<div class=\"elementor-posts-container elementor-posts elementor-posts--skin-classic elementor-grid\" role=\"list\">\n\t\t\t\t<article class=\"elementor-post elementor-grid-item post-2764 post type-post status-publish format-standard hentry category-sem-categoria\" role=\"listitem\">\n\t\t\t\t<div class=\"elementor-post__text\">\n\t\t\t\t<h3 class=\"elementor-post__title\">\n\t\t\t<a href=\"https:\/\/idas.org.br\/en\/saude-e-bem-estar-um-compromisso-com-a-mente-o-corpo-e-a-performance-humana\/\">\n\t\t\t\tSA\u00daDE E BEM-ESTAR: UM COMPROMISSO COM A MENTE, O CORPO E A PERFORMANCE HUMANA\t\t\t<\/a>\n\t\t<\/h3>\n\t\t\t\t<div class=\"elementor-post__meta-data\">\n\t\t\t\t\t<span class=\"elementor-post-date\">\n\t\t\t11\/04\/2026\t\t<\/span>\n\t\t\t\t<\/div>\n\t\t\t\t<div class=\"elementor-post__excerpt\">\n\t\t\t<p>SILVA, Renata Godis da[1] Em um mundo marcado por excesso de est\u00edmulos, press\u00e3o por resultados e hiperconectividade, a sa\u00fade emocional deixou de ser um diferencial<\/p>\n\t\t<\/div>\n\t\t\n\t\t<a class=\"elementor-post__read-more\" href=\"https:\/\/idas.org.br\/en\/saude-e-bem-estar-um-compromisso-com-a-mente-o-corpo-e-a-performance-humana\/\" aria-label=\"Read more about SA\u00daDE E BEM-ESTAR: UM COMPROMISSO COM A MENTE, O CORPO E A PERFORMANCE HUMANA\" tabindex=\"-1\" target=\"_blank\">\n\t\t\tLeia mais \u00bb\t\t<\/a>\n\n\t\t\t\t<\/div>\n\t\t\t\t<\/article>\n\t\t\t\t<article class=\"elementor-post elementor-grid-item post-2746 post type-post status-publish format-standard hentry category-sem-categoria\" role=\"listitem\">\n\t\t\t\t<div class=\"elementor-post__text\">\n\t\t\t\t<h3 class=\"elementor-post__title\">\n\t\t\t<a href=\"https:\/\/idas.org.br\/en\/neurodiversidade-e-saude-mental\/\">\n\t\t\t\tNEURODIVERSIDADE E SA\u00daDE MENTAL:\t\t\t<\/a>\n\t\t<\/h3>\n\t\t\t\t<div class=\"elementor-post__meta-data\">\n\t\t\t\t\t<span class=\"elementor-post-date\">\n\t\t\t04\/04\/2026\t\t<\/span>\n\t\t\t\t<\/div>\n\t\t\t\t<div class=\"elementor-post__excerpt\">\n\t\t\t<p>O papel do acolhimento no desenvolvimento de pessoas com TEA RESUMO O presente artigo tem como objetivo refletir sobre a rela\u00e7\u00e3o entre neurodiversidade, sa\u00fade mental<\/p>\n\t\t<\/div>\n\t\t\n\t\t<a class=\"elementor-post__read-more\" href=\"https:\/\/idas.org.br\/en\/neurodiversidade-e-saude-mental\/\" aria-label=\"Read more about NEURODIVERSIDADE E SA\u00daDE MENTAL:\" tabindex=\"-1\" target=\"_blank\">\n\t\t\tLeia mais \u00bb\t\t<\/a>\n\n\t\t\t\t<\/div>\n\t\t\t\t<\/article>\n\t\t\t\t<article class=\"elementor-post elementor-grid-item post-1299 post type-post status-publish format-standard hentry category-sem-categoria\" role=\"listitem\">\n\t\t\t\t<div class=\"elementor-post__text\">\n\t\t\t\t<h3 class=\"elementor-post__title\">\n\t\t\t<a href=\"https:\/\/idas.org.br\/en\/setembro-amarelo\/\">\n\t\t\t\tSetembro Amarelo\t\t\t<\/a>\n\t\t<\/h3>\n\t\t\t\t<div class=\"elementor-post__meta-data\">\n\t\t\t\t\t<span class=\"elementor-post-date\">\n\t\t\t14\/09\/2023\t\t<\/span>\n\t\t\t\t<\/div>\n\t\t\t\t<div class=\"elementor-post__excerpt\">\n\t\t\t<p>M\u00eas de preven\u00e7\u00e3o do suic\u00eddio Por: Camila Leal Ferreira Setembro Amarelo \u00e9 a campanha de conscientiza\u00e7\u00e3o sobre a preven\u00e7\u00e3o do suic\u00eddio que acontece todos os<\/p>\n\t\t<\/div>\n\t\t\n\t\t<a class=\"elementor-post__read-more\" href=\"https:\/\/idas.org.br\/en\/setembro-amarelo\/\" aria-label=\"Read more about Setembro Amarelo\" tabindex=\"-1\" target=\"_blank\">\n\t\t\tLeia mais \u00bb\t\t<\/a>\n\n\t\t\t\t<\/div>\n\t\t\t\t<\/article>\n\t\t\t\t<article class=\"elementor-post elementor-grid-item post-1295 post type-post status-publish format-standard hentry category-sem-categoria\" role=\"listitem\">\n\t\t\t\t<div class=\"elementor-post__text\">\n\t\t\t\t<h3 class=\"elementor-post__title\">\n\t\t\t<a href=\"https:\/\/idas.org.br\/en\/agosto-lilas\/\">\n\t\t\t\tAgosto lil\u00e1s\t\t\t<\/a>\n\t\t<\/h3>\n\t\t\t\t<div class=\"elementor-post__meta-data\">\n\t\t\t\t\t<span class=\"elementor-post-date\">\n\t\t\t18\/08\/2023\t\t<\/span>\n\t\t\t\t<\/div>\n\t\t\t\t<div class=\"elementor-post__excerpt\">\n\t\t\t<p>Viol\u00eancia contra mulheres no Brasil Por: Thayna Ara\u00fajo Quando ouvimos falar de viol\u00eancia contra mulher, a primeira coisa que vem em mente \u00e9 a agress\u00e3o<\/p>\n\t\t<\/div>\n\t\t\n\t\t<a class=\"elementor-post__read-more\" href=\"https:\/\/idas.org.br\/en\/agosto-lilas\/\" aria-label=\"Read more about Agosto lil\u00e1s\" tabindex=\"-1\" target=\"_blank\">\n\t\t\tLeia mais \u00bb\t\t<\/a>\n\n\t\t\t\t<\/div>\n\t\t\t\t<\/article>\n\t\t\t\t<\/div>\n\t\t\t\t\t<span class=\"e-load-more-spinner\">\n\t\t\t\t<i aria-hidden=\"true\" class=\"fas fa-spinner\"><\/i>\t\t\t<\/span>\n\t\t\n\t\t\t\t<div class=\"e-load-more-anchor\" data-page=\"1\" data-max-page=\"3\" data-next-page=\"https:\/\/idas.org.br\/en\/wp-json\/wp\/v2\/pages\/1641\/page\/2\/\"><\/div>\n\t\t\t\t<div class=\"elementor-button-wrapper\">\n\t\t\t<a class=\"elementor-button elementor-size-sm\" role=\"button\">\n\t\t\t\t\t\t<span class=\"elementor-button-content-wrapper\">\n\t\t\t\t\t\t\t<span class=\"elementor-button-icon\">\n\t\t\t\t<i aria-hidden=\"true\" class=\"fas fa-angle-double-down\"><\/i>\t\t\t<\/span>\n\t\t\t\t\t\t\t\t\t<span class=\"elementor-button-text\">CARREGAR MAIS<\/span>\n\t\t\t\t\t<\/span>\n\t\t\t\t\t<\/a>\n\t\t<\/div>\n\t\t\t\t<div class=\"e-load-more-message\"><\/div>\n\t\t\t\t\t\t<\/div>\n\t\t\t\t<\/div>\n\t\t\t\t\t<\/div>\n\t\t\t\t<\/div>\n\t\t<section class=\"elementor-element elementor-element-65d15d3 e-grid e-con-boxed e-con e-parent\" data-id=\"65d15d3\" data-element_type=\"container\" data-e-type=\"container\" data-settings=\"{&quot;background_background&quot;:&quot;classic&quot;}\">\n\t\t\t\t\t<div class=\"e-con-inner\">\n\t\t<div class=\"elementor-element elementor-element-29311e75 e-con-full e-flex e-con e-child\" data-id=\"29311e75\" data-element_type=\"container\" data-e-type=\"container\">\n\t\t\t\t<div class=\"elementor-element elementor-element-14db6f7c elementor-widget elementor-widget-image\" data-id=\"14db6f7c\" data-element_type=\"widget\" data-e-type=\"widget\" data-widget_type=\"image.default\">\n\t\t\t\t<div class=\"elementor-widget-container\">\n\t\t\t\t\t\t\t\t\t\t\t\t\t\t\t<img fetchpriority=\"high\" decoding=\"async\" width=\"314\" height=\"276\" src=\"https:\/\/idas.org.br\/wp-content\/uploads\/2025\/06\/Imagem-BANNER-FINAL.png\" class=\"attachment-large size-large wp-image-1982\" alt=\"Esta imagem, que \u00e9 o logo do instituto IDAS, apresenta a silhueta de um perfil de rosto humano, voltado para a esquerda. Na parte superior da cabe\u00e7a, h\u00e1 uma flor de l\u00f3tus rosa. O contorno do rosto e o fundo s\u00e3o preenchidos com pequenos quadros que mostram fotos em tons de azul de pessoas em atividades diversas, como conversas e exerc\u00edcios. No canto superior direito, h\u00e1 um s\u00edmbolo de marca registrada (\u00ae).\" srcset=\"https:\/\/idas.org.br\/wp-content\/uploads\/2025\/06\/Imagem-BANNER-FINAL.png 314w, https:\/\/idas.org.br\/wp-content\/uploads\/2025\/06\/Imagem-BANNER-FINAL-300x264.png 300w, https:\/\/idas.org.br\/wp-content\/uploads\/2025\/06\/Imagem-BANNER-FINAL-14x12.png 14w, https:\/\/idas.org.br\/wp-content\/uploads\/2025\/06\/elementor\/thumbs\/Imagem-BANNER-FINAL-ra5pedehu0vdj4rucn0hyye5srsjo9vfmhekbqb6ue.png 209w\" sizes=\"(max-width: 314px) 100vw, 314px\" \/>\t\t\t\t\t\t\t\t\t\t\t\t\t\t\t<\/div>\n\t\t\t\t<\/div>\n\t\t\t\t<div class=\"elementor-element elementor-element-52df66d9 elementor-hidden-mobile elementor-widget elementor-widget-image\" data-id=\"52df66d9\" data-element_type=\"widget\" data-e-type=\"widget\" data-widget_type=\"image.default\">\n\t\t\t\t<div class=\"elementor-widget-container\">\n\t\t\t\t\t\t\t\t\t\t\t\t\t\t\t<img decoding=\"async\" width=\"680\" height=\"120\" src=\"https:\/\/idas.org.br\/wp-content\/uploads\/2025\/08\/Frame-1.png\" class=\"attachment-large size-large wp-image-2124\" alt=\"Slogan do Instituo Idas &quot;Uma nova jornada!&quot;\" srcset=\"https:\/\/idas.org.br\/wp-content\/uploads\/2025\/08\/Frame-1.png 680w, https:\/\/idas.org.br\/wp-content\/uploads\/2025\/08\/Frame-1-300x53.png 300w, https:\/\/idas.org.br\/wp-content\/uploads\/2025\/08\/Frame-1-18x3.png 18w\" sizes=\"(max-width: 680px) 100vw, 680px\" \/>\t\t\t\t\t\t\t\t\t\t\t\t\t\t\t<\/div>\n\t\t\t\t<\/div>\n\t\t\t\t<\/div>\n\t\t<div class=\"elementor-element elementor-element-f13168b e-con-full e-flex e-con e-child\" data-id=\"f13168b\" data-element_type=\"container\" data-e-type=\"container\">\n\t\t\t\t<div class=\"elementor-element elementor-element-4be1928d elementor-widget elementor-widget-heading\" data-id=\"4be1928d\" data-element_type=\"widget\" data-e-type=\"widget\" data-widget_type=\"heading.default\">\n\t\t\t\t<div class=\"elementor-widget-container\">\n\t\t\t\t\t<h2 class=\"elementor-heading-title elementor-size-default\">Junte-se a n\u00f3s!<\/h2>\t\t\t\t<\/div>\n\t\t\t\t<\/div>\n\t\t\t\t<div class=\"elementor-element elementor-element-5c3adfac elementor-widget elementor-widget-heading\" data-id=\"5c3adfac\" data-element_type=\"widget\" data-e-type=\"widget\" data-widget_type=\"heading.default\">\n\t\t\t\t<div class=\"elementor-widget-container\">\n\t\t\t\t\t<h2 class=\"elementor-heading-title elementor-size-default\">Seja parceiro, volunt\u00e1rio ou apoiador.<\/h2>\t\t\t\t<\/div>\n\t\t\t\t<\/div>\n\t\t\t\t<div class=\"elementor-element elementor-element-2ba19dd elementor-widget elementor-widget-text-editor\" data-id=\"2ba19dd\" data-element_type=\"widget\" data-e-type=\"widget\" data-widget_type=\"text-editor.default\">\n\t\t\t\t<div class=\"elementor-widget-container\">\n\t\t\t\t\t\t\t\t\t<p><strong>Instituto IDAS<\/strong> &#8211; Onde vidas s\u00e3o cuidadas e hist\u00f3rias s\u00e3o ressignificadas.<\/p>\t\t\t\t\t\t\t\t<\/div>\n\t\t\t\t<\/div>\n\t\t<div class=\"elementor-element elementor-element-69a1b84a e-con-full e-flex e-con e-child\" data-id=\"69a1b84a\" data-element_type=\"container\" data-e-type=\"container\">\n\t\t\t\t<div class=\"elementor-element elementor-element-6866d850 elementor-align-justify elementor-widget__width-initial botao-gradiente-doe elementor-widget elementor-widget-button\" data-id=\"6866d850\" data-element_type=\"widget\" data-e-type=\"widget\" data-widget_type=\"button.default\">\n\t\t\t\t<div class=\"elementor-widget-container\">\n\t\t\t\t\t\t\t\t\t<div class=\"elementor-button-wrapper\">\n\t\t\t\t\t<a class=\"elementor-button elementor-button-link elementor-size-sm\" href=\"https:\/\/idas.org.br\/como-doar-idas\">\n\t\t\t\t\t\t<span class=\"elementor-button-content-wrapper\">\n\t\t\t\t\t\t\t\t\t<span class=\"elementor-button-text\">Nos Apoie<\/span>\n\t\t\t\t\t<\/span>\n\t\t\t\t\t<\/a>\n\t\t\t\t<\/div>\n\t\t\t\t\t\t\t\t<\/div>\n\t\t\t\t<\/div>\n\t\t\t\t<div class=\"elementor-element elementor-element-b4ce695 elementor-align-justify elementor-widget__width-initial botao-gradiente-doe elementor-widget elementor-widget-button\" data-id=\"b4ce695\" data-element_type=\"widget\" data-e-type=\"widget\" data-widget_type=\"button.default\">\n\t\t\t\t<div class=\"elementor-widget-container\">\n\t\t\t\t\t\t\t\t\t<div class=\"elementor-button-wrapper\">\n\t\t\t\t\t<a class=\"elementor-button elementor-button-link elementor-size-sm\" href=\"https:\/\/idas.org.br\/contato-idas\">\n\t\t\t\t\t\t<span class=\"elementor-button-content-wrapper\">\n\t\t\t\t\t\t\t\t\t<span class=\"elementor-button-text\">Entre em Contato<\/span>\n\t\t\t\t\t<\/span>\n\t\t\t\t\t<\/a>\n\t\t\t\t<\/div>\n\t\t\t\t\t\t\t\t<\/div>\n\t\t\t\t<\/div>\n\t\t\t\t<\/div>\n\t\t\t\t<div class=\"elementor-element elementor-element-39c5cb7f elementor-hidden-desktop elementor-hidden-tablet elementor-widget elementor-widget-image\" data-id=\"39c5cb7f\" data-element_type=\"widget\" data-e-type=\"widget\" data-widget_type=\"image.default\">\n\t\t\t\t<div class=\"elementor-widget-container\">\n\t\t\t\t\t\t\t\t\t\t\t\t\t\t\t<img decoding=\"async\" width=\"680\" height=\"120\" src=\"https:\/\/idas.org.br\/wp-content\/uploads\/2025\/08\/Frame-1.png\" class=\"attachment-large size-large wp-image-2124\" alt=\"Slogan do Instituo Idas &quot;Uma nova jornada!&quot;\" srcset=\"https:\/\/idas.org.br\/wp-content\/uploads\/2025\/08\/Frame-1.png 680w, https:\/\/idas.org.br\/wp-content\/uploads\/2025\/08\/Frame-1-300x53.png 300w, https:\/\/idas.org.br\/wp-content\/uploads\/2025\/08\/Frame-1-18x3.png 18w\" sizes=\"(max-width: 680px) 100vw, 680px\" \/>\t\t\t\t\t\t\t\t\t\t\t\t\t\t\t<\/div>\n\t\t\t\t<\/div>\n\t\t\t\t<\/div>\n\t\t\t\t\t<\/div>\n\t\t\t\t<\/section>\n\t\t\t\t<\/div>\n\t\t","protected":false},"excerpt":{"rendered":"<p>ARTIGOS Artigos para informar, acolher e transformar! Acreditamos na for\u00e7a da informa\u00e7\u00e3o para promover transforma\u00e7\u00e3o social. Nesta p\u00e1gina, voc\u00ea encontra conte\u00fados sobre sa\u00fade mental, maternidade, rela\u00e7\u00f5es, trabalho e direitos, com foco em conscientiza\u00e7\u00e3o e cuidado. Explore, reflita e compartilhe. Que cada leitura possa inspirar mudan\u00e7as e ampliar olhares. Junte-se a n\u00f3s! Seja parceiro, volunt\u00e1rio ou [&hellip;]<\/p>\n","protected":false},"author":2,"featured_media":2001,"parent":0,"menu_order":0,"comment_status":"closed","ping_status":"closed","template":"","meta":{"_joinchat":[],"footnotes":""},"class_list":["post-1641","page","type-page","status-publish","has-post-thumbnail","hentry"],"_links":{"self":[{"href":"https:\/\/idas.org.br\/en\/wp-json\/wp\/v2\/pages\/1641","targetHints":{"allow":["GET"]}}],"collection":[{"href":"https:\/\/idas.org.br\/en\/wp-json\/wp\/v2\/pages"}],"about":[{"href":"https:\/\/idas.org.br\/en\/wp-json\/wp\/v2\/types\/page"}],"author":[{"embeddable":true,"href":"https:\/\/idas.org.br\/en\/wp-json\/wp\/v2\/users\/2"}],"replies":[{"embeddable":true,"href":"https:\/\/idas.org.br\/en\/wp-json\/wp\/v2\/comments?post=1641"}],"version-history":[{"count":9,"href":"https:\/\/idas.org.br\/en\/wp-json\/wp\/v2\/pages\/1641\/revisions"}],"predecessor-version":[{"id":2797,"href":"https:\/\/idas.org.br\/en\/wp-json\/wp\/v2\/pages\/1641\/revisions\/2797"}],"wp:featuredmedia":[{"embeddable":true,"href":"https:\/\/idas.org.br\/en\/wp-json\/wp\/v2\/media\/2001"}],"wp:attachment":[{"href":"https:\/\/idas.org.br\/en\/wp-json\/wp\/v2\/media?parent=1641"}],"curies":[{"name":"wp","href":"https:\/\/api.w.org\/{rel}","templated":true}]}}