{"id":1526,"date":"2025-06-19T16:39:01","date_gmt":"2025-06-19T19:39:01","guid":{"rendered":"https:\/\/idas.org.br\/?page_id=1526"},"modified":"2026-04-01T08:57:22","modified_gmt":"2026-04-01T11:57:22","slug":"como-doar-idas","status":"publish","type":"page","link":"https:\/\/idas.org.br\/en\/como-doar-idas\/","title":{"rendered":"Como Doar"},"content":{"rendered":"\t\t<div data-elementor-type=\"wp-page\" data-elementor-id=\"1526\" class=\"elementor elementor-1526\" data-elementor-post-type=\"page\">\n\t\t\t\t<section class=\"elementor-element elementor-element-4235a6f8 e-flex e-con-boxed e-con e-parent\" data-id=\"4235a6f8\" data-element_type=\"container\" data-e-type=\"container\" data-settings=\"{&quot;background_background&quot;:&quot;classic&quot;,&quot;background_motion_fx_motion_fx_mouse&quot;:&quot;yes&quot;,&quot;background_motion_fx_mouseTrack_effect&quot;:&quot;yes&quot;,&quot;background_motion_fx_motion_fx_scrolling&quot;:&quot;yes&quot;,&quot;background_motion_fx_translateY_effect&quot;:&quot;yes&quot;,&quot;background_motion_fx_translateY_affectedRange&quot;:{&quot;unit&quot;:&quot;%&quot;,&quot;size&quot;:&quot;&quot;,&quot;sizes&quot;:{&quot;start&quot;:9,&quot;end&quot;:76}},&quot;background_motion_fx_translateY_speed&quot;:{&quot;unit&quot;:&quot;px&quot;,&quot;size&quot;:4,&quot;sizes&quot;:[]},&quot;background_motion_fx_devices&quot;:[&quot;desktop&quot;,&quot;tablet&quot;,&quot;mobile&quot;],&quot;background_motion_fx_mouseTrack_speed&quot;:{&quot;unit&quot;:&quot;px&quot;,&quot;size&quot;:1,&quot;sizes&quot;:[]}}\">\n\t\t\t\t\t<div class=\"e-con-inner\">\n\t\t<header class=\"elementor-element elementor-element-3cba9a53 e-con-full e-flex e-con e-child\" data-id=\"3cba9a53\" data-element_type=\"container\" data-e-type=\"container\">\n\t\t\t\t<div class=\"elementor-element elementor-element-525affb titulo-banner-roxo elementor-widget elementor-widget-heading\" data-id=\"525affb\" data-element_type=\"widget\" data-e-type=\"widget\" data-widget_type=\"heading.default\">\n\t\t\t\t<div class=\"elementor-widget-container\">\n\t\t\t\t\t<h1 class=\"elementor-heading-title elementor-size-default\">COMO DOAR<\/h1>\t\t\t\t<\/div>\n\t\t\t\t<\/div>\n\t\t\t\t<div class=\"elementor-element elementor-element-6bd0a746 elementor-widget elementor-widget-text-editor\" data-id=\"6bd0a746\" data-element_type=\"widget\" data-e-type=\"widget\" data-widget_type=\"text-editor.default\">\n\t\t\t\t<div class=\"elementor-widget-container\">\n\t\t\t\t\t\t\t\t\t<p>Doar \u00e9 um ato de amor. Fa\u00e7a parte dessa transforma\u00e7\u00e3o.<\/p>\t\t\t\t\t\t\t\t<\/div>\n\t\t\t\t<\/div>\n\t\t\t\t<\/header>\n\t\t\t\t\t<\/div>\n\t\t\t\t<\/section>\n\t\t<main class=\"elementor-element elementor-element-af6d95c e-flex e-con-boxed e-con e-parent\" data-id=\"af6d95c\" data-element_type=\"container\" data-e-type=\"container\" data-settings=\"{&quot;background_background&quot;:&quot;classic&quot;}\">\n\t\t\t\t\t<div class=\"e-con-inner\">\n\t\t<section class=\"elementor-element elementor-element-82395f0 e-con-full e-flex e-con e-child\" data-id=\"82395f0\" data-element_type=\"container\" data-e-type=\"container\">\n\t\t\t\t<div class=\"elementor-element elementor-element-600bc98 elementor-widget elementor-widget-heading\" data-id=\"600bc98\" data-element_type=\"widget\" data-e-type=\"widget\" data-widget_type=\"heading.default\">\n\t\t\t\t<div class=\"elementor-widget-container\">\n\t\t\t\t\t<h2 class=\"elementor-heading-title elementor-size-default\">Com sua doa\u00e7\u00e3o, garantimos a continuidade dos projetos IDAS e a expans\u00e3o do nosso impacto social<\/h2>\t\t\t\t<\/div>\n\t\t\t\t<\/div>\n\t\t<div class=\"elementor-element elementor-element-a43f3ca e-grid e-con-full e-con e-child\" data-id=\"a43f3ca\" data-element_type=\"container\" data-e-type=\"container\">\n\t\t\t\t<div class=\"elementor-element elementor-element-d0a5b50 numero-gradiente titulo-central elementor-widget elementor-widget-counter\" data-id=\"d0a5b50\" data-element_type=\"widget\" data-e-type=\"widget\" data-widget_type=\"counter.default\">\n\t\t\t\t<div class=\"elementor-widget-container\">\n\t\t\t\t\t\t\t<div class=\"elementor-counter\">\n\t\t\t<div class=\"elementor-counter-title\">Pessoas atendidas no Brasil e Exterior<\/div>\t\t\t<div class=\"elementor-counter-number-wrapper\">\n\t\t\t\t<span class=\"elementor-counter-number-prefix\">+<\/span>\n\t\t\t\t<span class=\"elementor-counter-number\" data-duration=\"2000\" data-to-value=\"3000\" data-from-value=\"0\" data-delimiter=\".\">0<\/span>\n\t\t\t\t<span class=\"elementor-counter-number-suffix\"><\/span>\n\t\t\t<\/div>\n\t\t<\/div>\n\t\t\t\t\t\t<\/div>\n\t\t\t\t<\/div>\n\t\t\t\t<div class=\"elementor-element elementor-element-6746a55 numero-gradiente titulo-central elementor-widget elementor-widget-counter\" data-id=\"6746a55\" data-element_type=\"widget\" data-e-type=\"widget\" data-widget_type=\"counter.default\">\n\t\t\t\t<div class=\"elementor-widget-container\">\n\t\t\t\t\t\t\t<div class=\"elementor-counter\">\n\t\t\t<div class=\"elementor-counter-title\">Institui\u00e7\u00f5es parceiras beneficiadas com treinamentos e a\u00e7\u00f5es sociais<\/div>\t\t\t<div class=\"elementor-counter-number-wrapper\">\n\t\t\t\t<span class=\"elementor-counter-number-prefix\">+<\/span>\n\t\t\t\t<span class=\"elementor-counter-number\" data-duration=\"2000\" data-to-value=\"15\" data-from-value=\"0\" data-delimiter=\".\">0<\/span>\n\t\t\t\t<span class=\"elementor-counter-number-suffix\"><\/span>\n\t\t\t<\/div>\n\t\t<\/div>\n\t\t\t\t\t\t<\/div>\n\t\t\t\t<\/div>\n\t\t\t\t<\/div>\n\t\t<div class=\"elementor-element elementor-element-040ba2d e-con-full e-flex e-con e-child\" data-id=\"040ba2d\" data-element_type=\"container\" data-e-type=\"container\">\n\t\t\t\t<div class=\"elementor-element elementor-element-b6aa4a9 elementor-widget elementor-widget-text-editor\" data-id=\"b6aa4a9\" data-element_type=\"widget\" data-e-type=\"widget\" data-widget_type=\"text-editor.default\">\n\t\t\t\t<div class=\"elementor-widget-container\">\n\t\t\t\t\t\t\t\t\t<p>Acreditamos no poder da escuta, da empatia e do respeito para transformar a vida de quem mais precisa. Oferecemos apoio emocional e social para construir um futuro mais acolhedor.<\/p>\t\t\t\t\t\t\t\t<\/div>\n\t\t\t\t<\/div>\n\t\t\t\t<\/div>\n\t\t\t\t<\/section>\n\t\t<section class=\"elementor-element elementor-element-eece074 e-con-full e-flex e-con e-child\" data-id=\"eece074\" data-element_type=\"container\" data-e-type=\"container\">\n\t\t\t\t<div class=\"elementor-element elementor-element-5850ec5 elementor-widget elementor-widget-heading\" data-id=\"5850ec5\" data-element_type=\"widget\" data-e-type=\"widget\" data-widget_type=\"heading.default\">\n\t\t\t\t<div class=\"elementor-widget-container\">\n\t\t\t\t\t<h2 class=\"elementor-heading-title elementor-size-default\">Nos ajude a impulsionar a transforma\u00e7\u00e3o com seu apoio e a fortalecer nosso trabalho em prol de quem mais precisa.<\/h2>\t\t\t\t<\/div>\n\t\t\t\t<\/div>\n\t\t<div class=\"elementor-element elementor-element-d37af96 e-con-full cards-sombra e-flex e-con e-child\" data-id=\"d37af96\" data-element_type=\"container\" data-e-type=\"container\" data-settings=\"{&quot;background_background&quot;:&quot;gradient&quot;}\">\n\t\t\t\t<div class=\"elementor-element elementor-element-5a2284f elementor-align-start elementor-icon-list--layout-traditional elementor-list-item-link-full_width elementor-widget elementor-widget-icon-list\" data-id=\"5a2284f\" data-element_type=\"widget\" data-e-type=\"widget\" data-widget_type=\"icon-list.default\">\n\t\t\t\t<div class=\"elementor-widget-container\">\n\t\t\t\t\t\t\t<ul class=\"elementor-icon-list-items\">\n\t\t\t\t\t\t\t<li class=\"elementor-icon-list-item\">\n\t\t\t\t\t\t\t\t\t\t\t<span class=\"elementor-icon-list-icon\">\n\t\t\t\t\t\t\t<svg xmlns=\"http:\/\/www.w3.org\/2000\/svg\" width=\"64\" height=\"64\" viewBox=\"0 0 64 64\" fill=\"none\"><path d=\"M32 2C48.5792 2.00005 62.0195 15.4403 62.0195 32.0195C62.0195 48.5987 48.5792 62.039 32 62.0391C15.4208 62.0391 1.98052 48.5988 1.98047 32.0195C1.98047 15.4403 15.4207 2 32 2Z\" fill=\"#3366CC\" fill-opacity=\"0.3\" stroke=\"#3366CC\"><\/path><path d=\"M22.2 40.4V30.6H25V40.4H22.2ZM30.6 40.4V30.6H33.4V40.4H30.6ZM18 46V43.2H46V46H18ZM39 40.4V30.6H41.8V40.4H39ZM18 27.8V25L32 18L46 25V27.8H18Z\" fill=\"#3366CC\"><\/path><\/svg>\t\t\t\t\t\t<\/span>\n\t\t\t\t\t\t\t\t\t\t<span class=\"elementor-icon-list-text\">Transfer\u00eancia Banc\u00e1ria<\/span>\n\t\t\t\t\t\t\t\t\t<\/li>\n\t\t\t\t\t\t<\/ul>\n\t\t\t\t\t\t<\/div>\n\t\t\t\t<\/div>\n\t\t\t\t<div class=\"elementor-element elementor-element-1532be8 elementor-widget elementor-widget-text-editor\" data-id=\"1532be8\" data-element_type=\"widget\" data-e-type=\"widget\" data-widget_type=\"text-editor.default\">\n\t\t\t\t<div class=\"elementor-widget-container\">\n\t\t\t\t\t\t\t\t\t<p data-prosemirror-content-type=\"node\" data-prosemirror-node-name=\"paragraph\" data-prosemirror-node-block=\"true\" data-pm-slice=\"1 1 []\"><strong>Banco:<\/strong> 290 &#8211; PagBank (PagSeguro)<\/p><p data-prosemirror-content-type=\"node\" data-prosemirror-node-name=\"paragraph\" data-prosemirror-node-block=\"true\" data-pm-slice=\"1 1 []\"><strong>Ag\u00eancia:<\/strong> 0001<\/p><p data-prosemirror-content-type=\"node\" data-prosemirror-node-name=\"paragraph\" data-prosemirror-node-block=\"true\" data-pm-slice=\"1 1 []\"><strong>Conta:<\/strong> 48020249-8<\/p><p data-prosemirror-content-type=\"node\" data-prosemirror-node-name=\"paragraph\" data-prosemirror-node-block=\"true\" data-pm-slice=\"1 1 []\"><strong>Tipo:<\/strong> Conta de Pagamento<\/p><p data-prosemirror-content-type=\"node\" data-prosemirror-node-name=\"paragraph\" data-prosemirror-node-block=\"true\" data-pm-slice=\"1 1 []\"><strong>CNPJ:<\/strong> 40.465.055\/0001-91<\/p><p data-prosemirror-content-type=\"node\" data-prosemirror-node-name=\"paragraph\" data-prosemirror-node-block=\"true\" data-pm-slice=\"1 1 []\"><strong>Nome:<\/strong> Instituto de Desenvolvimento Socioemocional do Estado do Rio de Janeiro<\/p>\t\t\t\t\t\t\t\t<\/div>\n\t\t\t\t<\/div>\n\t\t\t\t<div class=\"elementor-element elementor-element-297bd91 elementor-icon-list--layout-traditional elementor-list-item-link-full_width elementor-widget elementor-widget-icon-list\" data-id=\"297bd91\" data-element_type=\"widget\" data-e-type=\"widget\" data-widget_type=\"icon-list.default\">\n\t\t\t\t<div class=\"elementor-widget-container\">\n\t\t\t\t\t\t\t<ul class=\"elementor-icon-list-items\">\n\t\t\t\t\t\t\t<li class=\"elementor-icon-list-item\">\n\t\t\t\t\t\t\t\t\t\t\t<span class=\"elementor-icon-list-icon\">\n\t\t\t\t\t\t\t<svg xmlns=\"http:\/\/www.w3.org\/2000\/svg\" width=\"64\" height=\"64\" viewBox=\"0 0 64 64\" fill=\"none\"><path d=\"M32 2C48.5792 2.00005 62.0195 15.4403 62.0195 32.0195C62.0195 48.5987 48.5792 62.039 32 62.0391C15.4208 62.0391 1.98052 48.5988 1.98047 32.0195C1.98047 15.4403 15.4207 2 32 2Z\" fill=\"#3366CC\" fill-opacity=\"0.3\" stroke=\"#3366CC\"><\/path><path d=\"M37.8669 39.686L32.7485 34.5677C32.5615 34.3806 32.3404 34.3466 32.2214 34.3466C32.1024 34.3466 31.8813 34.3806 31.6942 34.5677L26.5589 39.703C25.9807 40.2812 25.0795 41.2164 22.0697 41.2164L28.3784 47.5081C29.3349 48.4634 30.6315 49 31.9833 49C33.3352 49 34.6318 48.4634 35.5883 47.5081L41.9139 41.1994C40.3665 41.1994 39.0742 40.8934 37.8669 39.686ZM26.5589 24.297L31.6942 29.4323C31.8303 29.5684 32.0343 29.6534 32.2214 29.6534C32.4084 29.6534 32.6125 29.5684 32.7485 29.4323L37.8329 24.348C39.0402 23.0896 40.4175 22.8006 41.965 22.8006L35.6393 16.4919C34.6828 15.5366 33.3862 15 32.0343 15C30.6825 15 29.3859 15.5366 28.4294 16.4919L22.1207 22.7836C25.1135 22.7836 26.0317 23.7698 26.5589 24.297Z\" fill=\"#3366CC\"><\/path><path d=\"M47.4911 28.3441L43.6651 24.501H41.5225C40.6043 24.501 39.686 24.8751 39.0569 25.5383L33.9555 30.6397C33.4794 31.1158 32.8502 31.3539 32.2211 31.3539C31.5732 31.3447 30.9531 31.0894 30.4866 30.6397L25.3512 25.4873C24.7051 24.8411 23.8208 24.467 22.8856 24.467H20.3859L16.4919 28.3781C15.5366 29.3346 15 30.6312 15 31.983C15 33.3349 15.5366 34.6315 16.4919 35.588L20.3859 39.499H22.9026C23.8208 39.499 24.7051 39.1249 25.3683 38.4787L30.5036 33.3434C30.9797 32.8673 31.6089 32.6292 32.2381 32.6292C32.8672 32.6292 33.4964 32.8673 33.9725 33.3434L39.0909 38.4617C39.737 39.1079 40.6213 39.482 41.5565 39.482H43.6991L47.5251 35.639C48.4853 34.6657 49.0208 33.3517 49.0144 31.9845C49.008 30.6173 48.4603 29.3084 47.4911 28.3441Z\" fill=\"#3366CC\"><\/path><\/svg>\t\t\t\t\t\t<\/span>\n\t\t\t\t\t\t\t\t\t\t<span class=\"elementor-icon-list-text\">Chave Pix<\/span>\n\t\t\t\t\t\t\t\t\t<\/li>\n\t\t\t\t\t\t<\/ul>\n\t\t\t\t\t\t<\/div>\n\t\t\t\t<\/div>\n\t\t\t\t<div class=\"elementor-element elementor-element-9a07cc1 elementor-widget elementor-widget-text-editor\" data-id=\"9a07cc1\" data-element_type=\"widget\" data-e-type=\"widget\" data-widget_type=\"text-editor.default\">\n\t\t\t\t<div class=\"elementor-widget-container\">\n\t\t\t\t\t\t\t\t\t<p data-prosemirror-content-type=\"node\" data-prosemirror-node-name=\"paragraph\" data-prosemirror-node-block=\"true\" data-pm-slice=\"1 1 []\"><strong>CNPJ:<\/strong> 40.465.055.0001-91<\/p>\t\t\t\t\t\t\t\t<\/div>\n\t\t\t\t<\/div>\n\t\t\t\t<\/div>\n\t\t<div class=\"elementor-element elementor-element-95e55ea e-con-full e-flex e-con e-child\" data-id=\"95e55ea\" data-element_type=\"container\" data-e-type=\"container\">\n\t\t\t\t<div class=\"elementor-element elementor-element-72109e8 elementor-widget elementor-widget-heading\" data-id=\"72109e8\" data-element_type=\"widget\" data-e-type=\"widget\" data-widget_type=\"heading.default\">\n\t\t\t\t<div class=\"elementor-widget-container\">\n\t\t\t\t\t<h4 class=\"elementor-heading-title elementor-size-default\">Se quiser contribuir de outra forma, entre em contato ou nos acompanhe nas redes sociais e compartilhe nossas a\u00e7\u00f5es.<\/h4>\t\t\t\t<\/div>\n\t\t\t\t<\/div>\n\t\t\t\t<div class=\"elementor-element elementor-element-51899cd elementor-align-justify elementor-widget__width-initial botao-gradiente-doacao elementor-widget elementor-widget-button\" data-id=\"51899cd\" data-element_type=\"widget\" data-e-type=\"widget\" data-widget_type=\"button.default\">\n\t\t\t\t<div class=\"elementor-widget-container\">\n\t\t\t\t\t\t\t\t\t<div class=\"elementor-button-wrapper\">\n\t\t\t\t\t<a class=\"elementor-button elementor-button-link elementor-size-sm\" href=\"https:\/\/idas.org.br\/contato-idas\/\">\n\t\t\t\t\t\t<span class=\"elementor-button-content-wrapper\">\n\t\t\t\t\t\t\t\t\t<span class=\"elementor-button-text\">Entre em Contato<\/span>\n\t\t\t\t\t<\/span>\n\t\t\t\t\t<\/a>\n\t\t\t\t<\/div>\n\t\t\t\t\t\t\t\t<\/div>\n\t\t\t\t<\/div>\n\t\t\t\t<div class=\"elementor-element elementor-element-1e5d6db elementor-shape-circle elementor-grid-mobile-2 e-grid-align-mobile-center e-grid-align-tablet-center elementor-grid-0 e-grid-align-center elementor-widget elementor-widget-social-icons\" data-id=\"1e5d6db\" data-element_type=\"widget\" data-e-type=\"widget\" data-widget_type=\"social-icons.default\">\n\t\t\t\t<div class=\"elementor-widget-container\">\n\t\t\t\t\t\t\t<div class=\"elementor-social-icons-wrapper elementor-grid\" role=\"list\">\n\t\t\t\t\t\t\t<span class=\"elementor-grid-item\" role=\"listitem\">\n\t\t\t\t\t<a class=\"elementor-icon elementor-social-icon elementor-social-icon-Logo Instagram elementor-repeater-item-bae4a33\" href=\"https:\/\/www.instagram.com\/idas.rj\/\" target=\"_blank\" rel=\"noopener\">\n\t\t\t\t\t\t<span class=\"elementor-screen-only\">Logo Instagram<\/span>\n\t\t\t\t\t\t<svg xmlns=\"http:\/\/www.w3.org\/2000\/svg\" width=\"62\" height=\"62\" viewBox=\"0 0 62 62\" fill=\"none\"><path d=\"M61.813 18.2187C61.594 13.4263 60.2576 8.66577 56.7967 5.2033C53.3278 1.73443 48.5593 0.404435 43.7829 0.187031C40.4754 0.0367668 39.4188 0 31.0008 0C22.5828 0 21.5246 0.0367668 18.2187 0.187031C13.4263 0.406033 8.66737 1.73923 5.2033 5.2033C1.72484 8.68176 0.406033 13.4295 0.187031 18.2187C0.0367668 21.5262 0 22.5812 0 31.0008C0 39.4204 0.0367668 40.477 0.187031 43.7829C0.406033 48.5689 1.74402 53.3406 5.2033 56.7967C8.67856 60.272 13.4343 61.594 18.2187 61.813C21.5262 61.9632 22.5812 62 31.0008 62C39.4204 62 40.477 61.9632 43.7829 61.813C48.5721 61.594 53.3358 60.2576 56.7967 56.7967C60.2768 53.3182 61.594 48.5721 61.813 43.7829C61.9632 40.4754 62 39.4188 62 31.0008C62 22.5828 61.9632 21.5246 61.813 18.2187ZM30.9992 46.9208C22.2071 46.9208 15.0808 39.7929 15.0808 31.0024C15.0808 22.2119 22.2087 15.084 30.9992 15.084C39.7897 15.084 46.9176 22.2119 46.9176 31.0024C46.9176 39.7929 39.7897 46.9208 30.9992 46.9208ZM47.5475 18.1724C45.4917 18.1724 43.8276 16.5067 43.8276 14.4525C43.8276 12.3984 45.4933 10.7327 47.5475 10.7327C49.6016 10.7327 51.2673 12.3984 51.2673 14.4525C51.2673 16.5067 49.6016 18.1724 47.5475 18.1724Z\" fill=\"#3366CC\"><\/path><\/svg>\t\t\t\t\t<\/a>\n\t\t\t\t<\/span>\n\t\t\t\t\t\t\t<span class=\"elementor-grid-item\" role=\"listitem\">\n\t\t\t\t\t<a class=\"elementor-icon elementor-social-icon elementor-social-icon-Logo Facebook elementor-repeater-item-37eb343\" href=\"https:\/\/www.facebook.com\/IDS.RJ\/?ref=page_internal\" target=\"_blank\" rel=\"noopener\">\n\t\t\t\t\t\t<span class=\"elementor-screen-only\">Logo Facebook<\/span>\n\t\t\t\t\t\t<svg xmlns=\"http:\/\/www.w3.org\/2000\/svg\" width=\"61\" height=\"61\" viewBox=\"0 0 61 61\" fill=\"none\"><path d=\"M61 30.6859C61 45.9996 49.8317 58.6961 35.2521 61V39.6149H42.3406L43.6901 30.7666H35.2521V25.026C35.2521 22.605 36.4317 20.2474 40.2079 20.2474H44.0439V12.7139C44.0439 12.7139 40.5618 12.1158 37.2354 12.1158C30.2869 12.1158 25.7463 16.3533 25.7463 24.0212V30.765H18.0224V39.6134H25.7463V60.9984C11.1714 58.6898 0 45.9964 0 30.6859C0 13.7393 13.6564 0 30.5008 0C47.3452 0 61.0016 13.7361 61.0016 30.6859H61Z\" fill=\"#3366CC\"><\/path><\/svg>\t\t\t\t\t<\/a>\n\t\t\t\t<\/span>\n\t\t\t\t\t\t\t<span class=\"elementor-grid-item\" role=\"listitem\">\n\t\t\t\t\t<a class=\"elementor-icon elementor-social-icon elementor-social-icon-Logo LinkedIn elementor-repeater-item-425cf32\" href=\"https:\/\/www.linkedin.com\/company\/86326814\/admin\/\" target=\"_blank\" rel=\"noopener\">\n\t\t\t\t\t\t<span class=\"elementor-screen-only\">Logo LinkedIn<\/span>\n\t\t\t\t\t\t<svg xmlns=\"http:\/\/www.w3.org\/2000\/svg\" width=\"62\" height=\"62\" viewBox=\"0 0 62 62\" fill=\"none\"><path d=\"M52.8283 52.8297H43.6406V38.4423C43.6406 35.0118 43.5795 30.5956 38.8626 30.5956C34.1457 30.5956 33.3448 34.3315 33.3448 38.1946V52.8297H24.1603V23.2426H32.9813V27.2841H33.1035C34.9031 24.2108 38.245 22.3741 41.8056 22.506C51.1188 22.506 52.8316 28.6319 52.8316 36.5976L52.8283 52.8313V52.8297ZM13.7937 19.1978C10.849 19.1978 8.46244 16.8112 8.46244 13.8664C8.46244 10.9217 10.849 8.53507 13.7937 8.53507C16.7383 8.53507 19.1249 10.9217 19.1249 13.8664C19.1249 16.8112 16.7383 19.1978 13.7937 19.1978ZM18.3851 52.8313H9.18935V23.2442H18.3851V52.8313ZM57.4085 0.00325034H4.57377C2.07782 -0.0240901 0.0305561 1.97658 0 4.47421V57.5275C0.0305561 60.0267 2.07782 62.0274 4.57377 62H57.4085C59.9109 62.0306 61.9662 60.0299 62 57.5275V4.47099C61.963 1.96854 59.9077 -0.0321314 57.4085 0.00164208\" fill=\"#3366CC\"><\/path><\/svg>\t\t\t\t\t<\/a>\n\t\t\t\t<\/span>\n\t\t\t\t\t\t\t<span class=\"elementor-grid-item\" role=\"listitem\">\n\t\t\t\t\t<a class=\"elementor-icon elementor-social-icon elementor-social-icon-Logo YouTube elementor-repeater-item-6c5d1ce\" href=\"https:\/\/www.youtube.com\/channel\/UCfsoxA_xW_cmS6HHR52m0kA\" target=\"_blank\" rel=\"noopener\">\n\t\t\t\t\t\t<span class=\"elementor-screen-only\">Logo YouTube<\/span>\n\t\t\t\t\t\t<svg xmlns=\"http:\/\/www.w3.org\/2000\/svg\" width=\"89\" height=\"62\" viewBox=\"0 0 89 62\" fill=\"none\"><path d=\"M87.1366 9.68144C86.1128 5.87208 83.0981 2.86902 79.268 1.84866C72.3302 0 44.5 0 44.5 0C44.5 0 16.6698 0 9.72793 1.84866C5.89988 2.86702 2.8852 5.86808 1.86142 9.68144C0 16.5899 0 31.001 0 31.001C0 31.001 0 45.4121 1.86142 52.3206C2.8852 56.1299 5.89988 59.133 9.72995 60.1534C16.6678 62.002 44.498 62.002 44.498 62.002C44.498 62.002 72.3282 62.002 79.2701 60.1534C83.0961 59.133 86.1128 56.1339 87.1386 52.3206C88.9959 45.4121 88.9959 31.001 88.9959 31.001C88.9959 31.001 88.996 16.5899 87.1345 9.68144H87.1366ZM35.3993 44.0876V17.9124L58.6569 30.999L35.3993 44.0856V44.0876Z\" fill=\"#3366CC\"><\/path><\/svg>\t\t\t\t\t<\/a>\n\t\t\t\t<\/span>\n\t\t\t\t\t<\/div>\n\t\t\t\t\t\t<\/div>\n\t\t\t\t<\/div>\n\t\t\t\t<div class=\"elementor-element elementor-element-509f94b elementor-widget elementor-widget-heading\" data-id=\"509f94b\" data-element_type=\"widget\" data-e-type=\"widget\" data-widget_type=\"heading.default\">\n\t\t\t\t<div class=\"elementor-widget-container\">\n\t\t\t\t\t<h4 class=\"elementor-heading-title elementor-size-default\">Juntos, transformamos vidas!<\/h4>\t\t\t\t<\/div>\n\t\t\t\t<\/div>\n\t\t\t\t<\/div>\n\t\t\t\t<\/section>\n\t\t\t\t\t<\/div>\n\t\t\t\t<\/main>\n\t\t\t\t<\/div>\n\t\t","protected":false},"excerpt":{"rendered":"<p>COMO DOAR Doar \u00e9 um ato de amor. Fa\u00e7a parte dessa transforma\u00e7\u00e3o. Com sua doa\u00e7\u00e3o, garantimos a continuidade dos projetos IDAS e a expans\u00e3o do nosso impacto social Pessoas atendidas no Brasil e Exterior + 0 Institui\u00e7\u00f5es parceiras beneficiadas com treinamentos e a\u00e7\u00f5es sociais + 0 Acreditamos no poder da escuta, da empatia e do [&hellip;]<\/p>\n","protected":false},"author":2,"featured_media":2004,"parent":0,"menu_order":0,"comment_status":"closed","ping_status":"closed","template":"","meta":{"_joinchat":[],"footnotes":""},"class_list":["post-1526","page","type-page","status-publish","has-post-thumbnail","hentry"],"_links":{"self":[{"href":"https:\/\/idas.org.br\/en\/wp-json\/wp\/v2\/pages\/1526","targetHints":{"allow":["GET"]}}],"collection":[{"href":"https:\/\/idas.org.br\/en\/wp-json\/wp\/v2\/pages"}],"about":[{"href":"https:\/\/idas.org.br\/en\/wp-json\/wp\/v2\/types\/page"}],"author":[{"embeddable":true,"href":"https:\/\/idas.org.br\/en\/wp-json\/wp\/v2\/users\/2"}],"replies":[{"embeddable":true,"href":"https:\/\/idas.org.br\/en\/wp-json\/wp\/v2\/comments?post=1526"}],"version-history":[{"count":16,"href":"https:\/\/idas.org.br\/en\/wp-json\/wp\/v2\/pages\/1526\/revisions"}],"predecessor-version":[{"id":2820,"href":"https:\/\/idas.org.br\/en\/wp-json\/wp\/v2\/pages\/1526\/revisions\/2820"}],"wp:featuredmedia":[{"embeddable":true,"href":"https:\/\/idas.org.br\/en\/wp-json\/wp\/v2\/media\/2004"}],"wp:attachment":[{"href":"https:\/\/idas.org.br\/en\/wp-json\/wp\/v2\/media?parent=1526"}],"curies":[{"name":"wp","href":"https:\/\/api.w.org\/{rel}","templated":true}]}}